{"id":4159,"date":"2024-09-13T15:12:16","date_gmt":"2024-09-13T15:12:16","guid":{"rendered":"https:\/\/www.cleaneconomyfund.ca\/cef-v2\/?page_id=4159"},"modified":"2024-09-19T18:03:21","modified_gmt":"2024-09-19T18:03:21","slug":"oilandgas","status":"publish","type":"page","link":"https:\/\/www.cleaneconomyfund.ca\/fr\/oilandgas\/","title":{"rendered":"Supporting the Oil &#038; Gas Industry\u2019s Leap to Net Zero"},"content":{"rendered":"<div data-elementor-type=\"wp-page\" data-elementor-id=\"4159\" class=\"elementor elementor-4159\" data-elementor-settings=\"{&quot;ha_cmc_init_switcher&quot;:&quot;no&quot;}\" data-elementor-post-type=\"page\">\n\t\t\t\t<div class=\"elementor-element elementor-element-83491b5 e-con-full e-flex e-con e-parent\" data-id=\"83491b5\" data-element_type=\"container\" data-e-type=\"container\" data-settings=\"{&quot;_ha_eqh_enable&quot;:false}\">\n\t\t<div class=\"elementor-element elementor-element-299c426 e-flex e-con-boxed e-con e-child\" data-id=\"299c426\" data-element_type=\"container\" data-e-type=\"container\" data-settings=\"{&quot;background_background&quot;:&quot;classic&quot;,&quot;_ha_eqh_enable&quot;:false}\">\n\t\t\t\t\t<div class=\"e-con-inner\">\n\t\t<div class=\"elementor-element elementor-element-f0e8152 e-con-full e-flex e-con e-child\" data-id=\"f0e8152\" data-element_type=\"container\" data-e-type=\"container\" data-settings=\"{&quot;_ha_eqh_enable&quot;:false}\">\n\t\t\t\t<div class=\"elementor-element elementor-element-3164b99 elementor-widget elementor-widget-spacer\" data-id=\"3164b99\" data-element_type=\"widget\" data-e-type=\"widget\" data-widget_type=\"spacer.default\">\n\t\t\t\t<div class=\"elementor-widget-container\">\n\t\t\t\t\t\t\t<div class=\"elementor-spacer\">\n\t\t\t<div class=\"elementor-spacer-inner\"><\/div>\n\t\t<\/div>\n\t\t\t\t\t\t<\/div>\n\t\t\t\t<\/div>\n\t\t\t\t<\/div>\n\t\t\t\t\t<\/div>\n\t\t\t\t<\/div>\n\t\t\t\t<\/div>\n\t\t<div class=\"elementor-element elementor-element-3b0b62e e-flex e-con-boxed e-con e-parent\" data-id=\"3b0b62e\" data-element_type=\"container\" data-e-type=\"container\" data-settings=\"{&quot;_ha_eqh_enable&quot;:false}\">\n\t\t\t\t\t<div class=\"e-con-inner\">\n\t\t<div class=\"elementor-element elementor-element-afc81bc e-con-full e-flex e-con e-child\" data-id=\"afc81bc\" data-element_type=\"container\" data-e-type=\"container\" data-settings=\"{&quot;_ha_eqh_enable&quot;:false}\">\n\t\t\t\t<div class=\"elementor-element elementor-element-306a1bb elementor-widget elementor-widget-text-editor\" data-id=\"306a1bb\" data-element_type=\"widget\" data-e-type=\"widget\" data-widget_type=\"text-editor.default\">\n\t\t\t\t<div class=\"elementor-widget-container\">\n\t\t\t\t\t\t\t\t\t<div class=\"resource-published-date mbxs\"><img decoding=\"async\" class=\"wp-image-520 alignleft\" src=\"https:\/\/www.cleaneconomyfund.ca\/wp-content\/uploads\/2022\/06\/CEF-Web-Icon.png\" alt=\"\" width=\"48\" height=\"48\">Avril 2024<\/div>\n<div class=\"resource-authors grid lg:grid-cols-2 row-gap-n\">\n<div class=\"resource-author mbs\">\n<div class=\"resource-author-thumbnail\"><span style=\"color: #049cac;\"><b>Eric Campbell<\/b><\/span><\/div>\n<\/div>\n<\/div>\t\t\t\t\t\t\t\t<\/div>\n\t\t\t\t<\/div>\n\t\t\t\t<\/div>\n\t\t<div class=\"elementor-element elementor-element-445811a e-con-full e-flex e-con e-child\" data-id=\"445811a\" data-element_type=\"container\" data-e-type=\"container\" data-settings=\"{&quot;_ha_eqh_enable&quot;:false}\">\n\t\t\t\t<\/div>\n\t\t\t\t\t<\/div>\n\t\t\t\t<\/div>\n\t\t<div class=\"elementor-element elementor-element-802b3d4 e-flex e-con-boxed e-con e-parent\" data-id=\"802b3d4\" data-element_type=\"container\" data-e-type=\"container\" data-settings=\"{&quot;_ha_eqh_enable&quot;:false}\">\n\t\t\t\t\t<div class=\"e-con-inner\">\n\t\t\t\t<div class=\"elementor-element elementor-element-1bef755 elementor-widget elementor-widget-heading\" data-id=\"1bef755\" data-element_type=\"widget\" data-e-type=\"widget\" data-widget_type=\"heading.default\">\n\t\t\t\t<div class=\"elementor-widget-container\">\n\t\t\t\t\t<h2 class=\"elementor-heading-title elementor-size-default\">Supporting the Oil &amp; Gas Industry\u2019s Leap to Net Zero<\/h2>\t\t\t\t<\/div>\n\t\t\t\t<\/div>\n\t\t\t\t<div class=\"elementor-element elementor-element-57644d9 elementor-widget__width-initial elementor-widget elementor-widget-text-editor\" data-id=\"57644d9\" data-element_type=\"widget\" data-e-type=\"widget\" data-widget_type=\"text-editor.default\">\n\t\t\t\t<div class=\"elementor-widget-container\">\n\t\t\t\t\t\t\t\t\t<p class=\"translation-block\">\u00c0 bien des \u00e9gards, la production de p\u00e9trole et de gaz est le sujet dont on ne veut pas aborder, ou du moins l\u2019\u00e9l\u00e9ment sur le graphique circulaire qu\u2019on \u00e9vite, lorsqu\u2019il s\u2019agit des \u00e9missions li\u00e9es aux changements climatiques au Canada. D\u2019une part, l\u2019industrie contribue \u00e0 28 % de nos \u00e9missions totales, ce qui d\u00e9passe de loin celles de tout autre secteur industriel, et c\u2019est l\u2019un des rares secteurs dont les \u00e9missions ont  <a href=\"https:\/\/www.canada.ca\/en\/environment-climate-change\/services\/environmental-indicators\/greenhouse-gas-emissions.html#oil-gas\" target=\"_self\"><strong>augment\u00e9 de fa\u00e7on significative depuis 2005<\/strong><\/a>, r\u00e9duisant ainsi les progr\u00e8s r\u00e9alis\u00e9s dans presque tous les autres secteurs de l\u2019\u00e9conomie canadienne.<\/p>\t\t\t\t\t\t\t\t<\/div>\n\t\t\t\t<\/div>\n\t\t\t\t\t<\/div>\n\t\t\t\t<\/div>\n\t\t<div class=\"elementor-element elementor-element-f8e5bf6 e-flex e-con-boxed e-con e-parent\" data-id=\"f8e5bf6\" data-element_type=\"container\" data-e-type=\"container\" data-settings=\"{&quot;_ha_eqh_enable&quot;:false}\">\n\t\t\t\t\t<div class=\"e-con-inner\">\n\t\t<div class=\"elementor-element elementor-element-a550583 e-con-full e-flex e-con e-child\" data-id=\"a550583\" data-element_type=\"container\" data-e-type=\"container\" data-settings=\"{&quot;_ha_eqh_enable&quot;:false}\">\n\t\t\t\t<div class=\"elementor-element elementor-element-399f264 elementor-widget elementor-widget-text-editor\" data-id=\"399f264\" data-element_type=\"widget\" data-e-type=\"widget\" data-widget_type=\"text-editor.default\">\n\t\t\t\t<div class=\"elementor-widget-container\">\n\t\t\t\t\t\t\t\t\t<p>Pourtant, on ne parle pas beaucoup de ce secteur, parce que plusieurs facteurs rendent la conversation difficile.\u00a0<\/p><p class=\"translation-block\">D\u2019une part, l\u2019industrie p\u00e9troli\u00e8re et gazi\u00e8re au Canada continue de fournir des avantages \u00e9conomiques consid\u00e9rables. En 2022, elle a vers\u00e9 plus de 30 milliards de dollars en redevances aux gouvernements canadiens (selon l\u2019 <strong><a href=\"https:\/\/www.capp.ca\/wp-content\/uploads\/2023\/12\/The-Economic-Impact-of-Canadian-Oil-and-Gas.pdf\" target=\"_blank\" rel=\"noopener\">ACPP<\/a><\/strong>) et a cr\u00e9\u00e9 plus de <a href=\"https:\/\/www150.statcan.gc.ca\/t1\/tbl1\/en\/tv.action?pid=3610048901\" target=\"_blank\" rel=\"noopener\"><strong>150,000<\/strong> <strong>emplois<\/strong><\/a>. Par cons\u00e9quent, le bouleversement de cette industrie signifie in\u00e9vitablement un bouleversement de la subsistance de nombreux Canadiens.<\/p><p class=\"translation-block\">Deuxi\u00e8mement, l\u2019industrie est concentr\u00e9e majoritairement dans <strong><a href=\"https:\/\/www.statista.com\/statistics\/973790\/oil-production-share-in-canada-by-province\/#:~:text=Albertawasbyfarthe,10.3andfivepercentrespectively.\" target=\"_blank\" rel=\"noopener\">une province<\/a><\/strong>, ce qui fait que toute tentative de la dompter semble discriminatoire \u00e0 l\u2019\u00e9gard d\u2019une r\u00e9gion particuli\u00e8re et d\u00e9clenche naturellement une attitude d\u00e9fensive chez les gens qui y vivent et y travaillent.<\/p><p>Le r\u00e9sultat est que les Canadiens ont tendance \u00e0 \u00e9viter le sujet.<\/p><p>Le m\u00eame instinct s\u2019applique \u00e0 de nombreux membres de la communaut\u00e9 philanthropique du Canada. Nous reconnaissons qu\u2019il est imp\u00e9ratif de s\u2019attaquer aux \u00e9missions de l\u2019industrie p\u00e9troli\u00e8re et gazi\u00e8re, mais partout o\u00f9 nous regardons, nous sentons une polarisation et nous percevons des risques.\u00a0<\/p>\t\t\t\t\t\t\t\t<\/div>\n\t\t\t\t<\/div>\n\t\t\t\t<\/div>\n\t\t<div class=\"elementor-element elementor-element-e9dd6b6 e-con-full e-flex e-con e-child\" data-id=\"e9dd6b6\" data-element_type=\"container\" data-e-type=\"container\" data-settings=\"{&quot;_ha_eqh_enable&quot;:false}\">\n\t\t\t\t<div class=\"elementor-element elementor-element-2b35f9b elementor-widget elementor-widget-image\" data-id=\"2b35f9b\" data-element_type=\"widget\" data-e-type=\"widget\" data-widget_type=\"image.default\">\n\t\t\t\t<div class=\"elementor-widget-container\">\n\t\t\t\t\t\t\t\t\t\t\t\t\t\t\t<img fetchpriority=\"high\" decoding=\"async\" width=\"800\" height=\"450\" src=\"https:\/\/www.cleaneconomyfund.ca\/wp-content\/uploads\/2024\/04\/Elephant-Img-1024x576.jpg\" class=\"attachment-large size-large wp-image-1536\" alt=\"\" srcset=\"https:\/\/www.cleaneconomyfund.ca\/wp-content\/uploads\/2024\/04\/Elephant-Img-1024x576.jpg 1024w, https:\/\/www.cleaneconomyfund.ca\/wp-content\/uploads\/2024\/04\/Elephant-Img-300x169.jpg 300w, https:\/\/www.cleaneconomyfund.ca\/wp-content\/uploads\/2024\/04\/Elephant-Img-768x432.jpg 768w, https:\/\/www.cleaneconomyfund.ca\/wp-content\/uploads\/2024\/04\/Elephant-Img.jpg 1280w\" sizes=\"(max-width: 800px) 100vw, 800px\" \/>\t\t\t\t\t\t\t\t\t\t\t\t\t\t\t<\/div>\n\t\t\t\t<\/div>\n\t\t\t\t<\/div>\n\t\t\t\t\t<\/div>\n\t\t\t\t<\/div>\n\t\t<div class=\"elementor-element elementor-element-7418fab e-flex e-con-boxed e-con e-parent\" data-id=\"7418fab\" data-element_type=\"container\" data-e-type=\"container\" data-settings=\"{&quot;_ha_eqh_enable&quot;:false}\">\n\t\t\t\t\t<div class=\"e-con-inner\">\n\t\t\t\t<div class=\"elementor-element elementor-element-74015c7 elementor-widget elementor-widget-text-editor\" data-id=\"74015c7\" data-element_type=\"widget\" data-e-type=\"widget\" data-widget_type=\"text-editor.default\">\n\t\t\t\t<div class=\"elementor-widget-container\">\n\t\t\t\t\t\t\t\t\t<p>Comment proc\u00e9der?<\/p><p class=\"translation-block\">Au cours des derniers mois, le Fonds pour l\u2019\u00e9conomie propre a pris les premi\u00e8res pas, avec ses collaborateurs, afin de trouver des projets \u00e0 impact \u00e9lev\u00e9 qui appuient une transition vers un net z\u00e9ro responsable de la production de p\u00e9trole et de gaz au Canada. Bien que limit\u00e9e, cette exp\u00e9rience nous a appris, \u00e0 tout le moins, qu\u2019il <em>existe de tels projets<\/em>. En fait, il y en a beaucoup. Mais comment pouvons-nous faciliter la t\u00e2che des bailleurs de fonds pour les trouver et les soutenir?<\/p><p>Apr\u00e8s avoir consult\u00e9 des experts sectoriels, interview\u00e9 des bailleurs de fonds avec de l\u2019exp\u00e9rience de faire des subventions dans ce secteur, avoir organis\u00e9 des discussions et commission\u00e9 une analyse du secteur actuel, le Fonds pour l\u2019\u00e9conomie propre a identifi\u00e9 7 points d\u2019entr\u00e9e potentiels pour acc\u00e9l\u00e9rer la transition de l\u2019industrie p\u00e9troli\u00e8re et gazi\u00e8re vers la carboneutralit\u00e9. \u00a0<\/p><p>\u00c0 partir de la technologie propre, jusqu\u2019\u00e0 la formation de travailleurs, en passant par le financement durable et l\u2019engagement des jeunes, ces sept points d\u2019entr\u00e9e sont l\u00e0 pour aider les bailleurs de fonds \u00e0 commencer le processus d\u2019identification des projets \u00e0 fort impact qui se trouvent dans leur zone de confort. Une fois qu\u2019un bailleur de fonds a choisi son ou ses points d\u2019entr\u00e9e, il y a bien s\u00fbr une s\u00e9rie de prochaines \u00e9tapes n\u00e9cessaires pour identifier les projets et partenaires sp\u00e9cifiques, mais cette liste peut au moins vous orienter dans la bonne direction. Le Fonds pour l\u2019\u00e9conomie propre est pr\u00eat \u00e0 aider.<\/p>\t\t\t\t\t\t\t\t<\/div>\n\t\t\t\t<\/div>\n\t\t\t\t\t<\/div>\n\t\t\t\t<\/div>\n\t\t<div class=\"elementor-element elementor-element-57dd59e e-flex e-con-boxed e-con e-parent\" data-id=\"57dd59e\" data-element_type=\"container\" data-e-type=\"container\" data-settings=\"{&quot;_ha_eqh_enable&quot;:false}\">\n\t\t\t\t\t<div class=\"e-con-inner\">\n\t\t<div class=\"elementor-element elementor-element-533fe8e e-con-full e-flex e-con e-child\" data-id=\"533fe8e\" data-element_type=\"container\" data-e-type=\"container\" data-settings=\"{&quot;_ha_eqh_enable&quot;:false}\">\n\t\t\t\t<div class=\"elementor-element elementor-element-351c285 elementor-widget elementor-widget-text-editor\" data-id=\"351c285\" data-element_type=\"widget\" data-e-type=\"widget\" data-widget_type=\"text-editor.default\">\n\t\t\t\t<div class=\"elementor-widget-container\">\n\t\t\t\t\t\t\t\t\t<p class=\"translation-block\">Le <strong>point d\u2019entr\u00e9e num\u00e9ro 1<\/strong> est la politique f\u00e9d\u00e9rale et provinciale. Les politiques gouvernementales, les r\u00e8glements et les investissements du gouvernement ont la capacit\u00e9 d\u2019inciter \u00e0 la r\u00e9duction des \u00e9missions dans le secteur p\u00e9trolier et gazier et de forcer la conformit\u00e9. Les experts font remarquer que la r\u00e9glementation f\u00e9d\u00e9rale et provinciale, tels <strong><a href=\"https:\/\/climateinstitute.ca\/news\/industrial-carbon-pricing-the-top-driver-of-emissions-reductions-new-analysis-shows\/#:~:text=By2030industrialcarbonpricing,allpoliciesimplementedtodate.\" target=\"_self\">la tarification du carbone pour l\u2019industrie<\/a><\/strong>, le <a href=\"https:\/\/climateinstitute.ca\/canada-needs-a-cap-on-oil-and-gas-sector-greenhouse-gas-emissions\/\" target=\"_blank\" rel=\"noopener\"><strong>plafonnement des \u00e9missions du secteur du p\u00e9trole et du gaz<\/strong><\/a>, les reglementations sur les combustibles propres et sur <strong><a href=\"https:\/\/440megatonnes.ca\/insight\/strong-methane-regulations-make-the-oil-and-gas-emissions-cap-easier-and-cheaper\/\" target=\"_self\">le m\u00e9thane<\/a><\/strong> sont particuli\u00e8rement puissants et n\u00e9cessaires \u00e0 ce moment-ci. De nombreuses organisations \u00e0 but non lucratif font un travail passionn\u00e9 pour d\u00e9fendre et promouvoir ces politiques.<\/p><p class=\"translation-block\">Le <strong>point d\u2019entr\u00e9e num\u00e9ro 2<\/strong> est la technologie propre. La mod\u00e9lisation d\u00e9montre <strong><a href=\"https:\/\/climateinstitute.ca\/publications\/canadas-oil-and-gas-sector-the-road-to-net-zero-and-regional-fairness\/\" target=\"_blank\" rel=\"noopener\">clairement<\/a><\/strong> que les technologies pourraient faire le gros du travail pour r\u00e9duire les \u00e9missions de gaz et de p\u00e9trole. Mais ces technologies sont soit insuffisamment test\u00e9es, soit co\u00fbteuses (ou les deux), et le secteur du p\u00e9trole et du gaz tra\u00eene g\u00e9n\u00e9ralement ses pieds pour les mettre en \u0153uvre \u00e0 la vitesse n\u00e9cessaire. La recherche indique qu\u2019il existe des opportunit\u00e9s \u00e0 grand impact dans l\u2019adoption de technologies de r\u00e9duction du m\u00e9thane, de l\u2019utilisation et du stockage du carbone, de l\u2019hydrog\u00e8ne et de l\u2019\u00e9limination du carbone. On peut faire avancer leur progr\u00e8s en appuyant les initiatives men\u00e9es par des organismes sans but lucratif qui y font de la recherche et qui d\u00e9fendent ces technologies.<\/p><p class=\"translation-block\">Le <strong> point d\u2019entr\u00e9e num\u00e9ro 3<\/strong> est la finance. L\u2019industrie p\u00e9troli\u00e8re et gazi\u00e8re a toujours b\u00e9n\u00e9fici\u00e9 de financements \u00e0 bon march\u00e9 de la part des banques, des investisseurs et des gouvernements. Ce financement devient de plus en plus risqu\u00e9 \u00e0 mesure que le monde passe \u00e0 une \u00e9conomie \u00e0 faible \u00e9mission de carbone. Pourtant, le Canada n\u2019a pas encore les m\u00e9canismes en place pour aligner le secteur financier vers l\u2019avenir net z\u00e9ro. Il faut faire beaucoup de travail dans le secteur sans but lucratif pour analyser et promouvoir la divulgation obligatoire des donn\u00e9es sur le climat, la taxonomie verte, l\u2019\u00e9limination des subventions gouvernementales et d\u2019autres politiques appuy\u00e9es par des dirigeants financiers avant-gardistes (voir : <strong><a href=\"https:\/\/www.canada.ca\/en\/environment-climate-change\/services\/climate-change\/expert-panel-sustainable-finance.html\" target=\"_blank\" rel=\"noopener\">Groupe d\u2019experts sur la finance durable<\/a><\/strong> et <strong><a href=\"https:\/\/www.canada.ca\/en\/department-finance\/programs\/financial-sector-policy\/sustainable-finance\/sustainable-finance-action-council.html\" target=\"_blank\" rel=\"noopener\">le Conseil d'action en mati\u00e8re de finance durable<\/a><\/strong>).<\/p><p class=\"translation-block\">Le <strong> point d\u2019entr\u00e9e num\u00e9ro 4<\/strong> est l\u2019engagement du public. L\u2019industrie p\u00e9troli\u00e8re et gazi\u00e8re a \u00e9t\u00e9 tr\u00e8s efficace dans la commercialisation de ses produits. Cela a entra\u00een\u00e9 une augmentation spectaculaire du<strong><a href=\"https:\/\/www.politico.com\/news\/2023\/04\/20\/338canada-what-canadians-think-about-energy-00092817\" target=\"_blank\" rel=\"noopener\"> nombre de Canadiens qui appuient<\/a><\/strong>  la production de p\u00e9trole et de gaz. Il est essentiel que les Canadiens entendent l\u2019autre c\u00f4t\u00e9 de la chose. Pourtant, les communications, l\u2019\u00e9ducation et les campagnes de marketing sur le climat et l\u2019\u00e9nergie propre sont manifestement sous-financ\u00e9es au Canada. Les bailleurs de fonds philanthropiques ont le pouvoir de changer \u00e7a.<\/p><p class=\"translation-block\">Le <strong>point d\u2019entr\u00e9e num\u00e9ro 5<\/strong> est la main d\u2019\u0153uvre et les emplois. Bien que l\u2019industrie p\u00e9troli\u00e8re et gazi\u00e8re emploie de nombreux Canadiens, ces travailleurs se soucient naturellement de l\u2019avenir de leur travail et de l\u2019avenir de leur plan\u00e8te. <strong><a href=\"https:\/\/diversifyalberta.ca\/learn-more\/#:~:text=OurreportSkatetoWhere,willtransformtheAlbertaeconomy.\" target=\"_self\">Un rapport r\u00e9cent<\/a><\/strong> de l\u2019Alberta Federation of Labour, qui repr\u00e9sente 170 000 travailleurs syndiqu\u00e9s, souligne l\u2019engagement de ses membres envers cet avenir. De nombreuses organisations travailllent sur la d\u00e9finition des sc\u00e9narios potentiels de la main d\u2019oeuvre requise pour une transition nette z\u00e9ro et le soutien \u00e0 la reconversion des travailleurs du secteur p\u00e9trolier et gazier.<\/p><p class=\"translation-block\">Le <strong>point d\u2019entr\u00e9e no 6<\/strong> est l\u2019engagement de l\u2019industrie. Certaines organisations environnementales se morfondront \u00e0 l\u2019id\u00e9e de travailler en collaboration avec une industrie qui a toujours \u00e9t\u00e9 r\u00e9sistante face aux changements climatiques. Mais l\u2019analyse d\u00e9montre qu\u2019il est toujours important d\u2019\u00e9duquer et d\u2019influencer les d\u00e9cideurs de l\u2019industrie, de cultiver le leadership, de cr\u00e9er un terrain propice pour la r\u00e9glementation gouvernementale et de s\u2019assurer que les engagements existants de l\u2019industrie, bien qu\u2019insuffisants, sont effectivement mis en \u0153uvre.<\/p><p class=\"translation-block\">Le <strong>point d'entr\u00e9e num\u00e9ro 7<\/strong> est le leadership autochtone. Les communaut\u00e9s autochtones ont \u00e9t\u00e9 affect\u00e9es <strong><a href=\"https:\/\/www.hsph.harvard.edu\/news\/features\/fossil-fuel-extraction-harming-indigenous-communities\/#:~:text=April202022Fossilfuel,SchoolofPublicHealthevent.\" target=\"_blank\" rel=\"noopener\">de fa\u00e7on disproportionn\u00e9e<\/a><\/strong> par l\u2019industrie p\u00e9troli\u00e8re et gazi\u00e8re. Entre-temps, de puissantes initiatives dirig\u00e9es par les Autochtones visent la r\u00e9conciliation \u00e9conomique, la protection des territoires et l\u2019obtention de r\u00e9parations.<\/p><p>Ces points d\u2019entr\u00e9e strat\u00e9giques offrent aux bailleurs de fonds et \u00e0 la communaut\u00e9 philanthropique un \u00e9ventail de possibilit\u00e9s pour s\u2019engager de fa\u00e7on constructive et fructueuse dans la transition nette z\u00e9ro de l\u2019industrie p\u00e9troli\u00e8re et gazi\u00e8re au Canada. La liste est-elle exhaustive? Non. Mais ce sont les domaines dans lesquels le Fonds pour l\u2019\u00e9conomie propre est convaincu que la philanthropie peut avoir un impact majeur et positif en ce moment, et les domaines dans lesquels nous avons l\u2019intention d\u2019appuyer nos collaborateurs au cours des prochains mois.\u00a0\u00a0<\/p>\t\t\t\t\t\t\t\t<\/div>\n\t\t\t\t<\/div>\n\t\t\t\t<\/div>\n\t\t<div class=\"elementor-element elementor-element-6430c2c e-con-full e-flex e-con e-child\" data-id=\"6430c2c\" data-element_type=\"container\" data-e-type=\"container\" data-settings=\"{&quot;_ha_eqh_enable&quot;:false}\">\n\t\t\t\t<div class=\"elementor-element elementor-element-d6beecd elementor-widget elementor-widget-image\" data-id=\"d6beecd\" data-element_type=\"widget\" data-e-type=\"widget\" data-widget_type=\"image.default\">\n\t\t\t\t<div class=\"elementor-widget-container\">\n\t\t\t\t\t\t\t\t\t\t\t\t\t\t\t<img decoding=\"async\" width=\"350\" height=\"788\" src=\"https:\/\/www.cleaneconomyfund.ca\/wp-content\/uploads\/2024\/04\/7-Entrypoints-Graphic-2.jpg\" class=\"attachment-large size-large wp-image-1575\" alt=\"\" srcset=\"https:\/\/www.cleaneconomyfund.ca\/wp-content\/uploads\/2024\/04\/7-Entrypoints-Graphic-2.jpg 350w, https:\/\/www.cleaneconomyfund.ca\/wp-content\/uploads\/2024\/04\/7-Entrypoints-Graphic-2-133x300.jpg 133w\" sizes=\"(max-width: 350px) 100vw, 350px\" \/>\t\t\t\t\t\t\t\t\t\t\t\t\t\t\t<\/div>\n\t\t\t\t<\/div>\n\t\t\t\t<\/div>\n\t\t\t\t\t<\/div>\n\t\t\t\t<\/div>\n\t\t\t\t<\/div>","protected":false},"excerpt":{"rendered":"<p>April 2024 Eric Campbell Supporting the Oil &#038; Gas Industry\u2019s Leap to Net Zero In many ways oil and gas production is the elephant in the room, or at least the elephant on the pie chart, when it comes to Canada\u2019s climate change emissions. On one hand, the industry contributes 28% of our total emissions, [&hellip;]<\/p>\n","protected":false},"author":1,"featured_media":0,"parent":0,"menu_order":0,"comment_status":"closed","ping_status":"closed","template":"","meta":{"footnotes":""},"class_list":["post-4159","page","type-page","status-publish","hentry"],"jetpack_sharing_enabled":true,"_links":{"self":[{"href":"https:\/\/www.cleaneconomyfund.ca\/fr\/wp-json\/wp\/v2\/pages\/4159","targetHints":{"allow":["GET"]}}],"collection":[{"href":"https:\/\/www.cleaneconomyfund.ca\/fr\/wp-json\/wp\/v2\/pages"}],"about":[{"href":"https:\/\/www.cleaneconomyfund.ca\/fr\/wp-json\/wp\/v2\/types\/page"}],"author":[{"embeddable":true,"href":"https:\/\/www.cleaneconomyfund.ca\/fr\/wp-json\/wp\/v2\/users\/1"}],"replies":[{"embeddable":true,"href":"https:\/\/www.cleaneconomyfund.ca\/fr\/wp-json\/wp\/v2\/comments?post=4159"}],"version-history":[{"count":25,"href":"https:\/\/www.cleaneconomyfund.ca\/fr\/wp-json\/wp\/v2\/pages\/4159\/revisions"}],"predecessor-version":[{"id":4483,"href":"https:\/\/www.cleaneconomyfund.ca\/fr\/wp-json\/wp\/v2\/pages\/4159\/revisions\/4483"}],"wp:attachment":[{"href":"https:\/\/www.cleaneconomyfund.ca\/fr\/wp-json\/wp\/v2\/media?parent=4159"}],"curies":[{"name":"wp","href":"https:\/\/api.w.org\/{rel}","templated":true}]}}