{"id":4149,"date":"2024-09-13T15:03:15","date_gmt":"2024-09-13T15:03:15","guid":{"rendered":"https:\/\/www.cleaneconomyfund.ca\/cef-v2\/?page_id=4149"},"modified":"2025-07-28T20:33:37","modified_gmt":"2025-07-28T20:33:37","slug":"philanthropydominoeffect","status":"publish","type":"page","link":"https:\/\/www.cleaneconomyfund.ca\/fr\/philanthropydominoeffect\/","title":{"rendered":"The domino effect of philanthropic capital"},"content":{"rendered":"<div data-elementor-type=\"wp-page\" data-elementor-id=\"4149\" class=\"elementor elementor-4149\" data-elementor-settings=\"{&quot;ha_cmc_init_switcher&quot;:&quot;no&quot;}\" data-elementor-post-type=\"page\">\n\t\t\t\t<div class=\"elementor-element elementor-element-83491b5 e-con-full e-flex e-con e-parent\" data-id=\"83491b5\" data-element_type=\"container\" data-e-type=\"container\" data-settings=\"{&quot;_ha_eqh_enable&quot;:false}\">\n\t\t<div class=\"elementor-element elementor-element-299c426 e-flex e-con-boxed e-con e-child\" data-id=\"299c426\" data-element_type=\"container\" data-e-type=\"container\" data-settings=\"{&quot;background_background&quot;:&quot;classic&quot;,&quot;_ha_eqh_enable&quot;:false}\">\n\t\t\t\t\t<div class=\"e-con-inner\">\n\t\t<div class=\"elementor-element elementor-element-f0e8152 e-con-full e-flex e-con e-child\" data-id=\"f0e8152\" data-element_type=\"container\" data-e-type=\"container\" data-settings=\"{&quot;_ha_eqh_enable&quot;:false}\">\n\t\t\t\t<div class=\"elementor-element elementor-element-3164b99 elementor-widget elementor-widget-spacer\" data-id=\"3164b99\" data-element_type=\"widget\" data-e-type=\"widget\" data-widget_type=\"spacer.default\">\n\t\t\t\t<div class=\"elementor-widget-container\">\n\t\t\t\t\t\t\t<div class=\"elementor-spacer\">\n\t\t\t<div class=\"elementor-spacer-inner\"><\/div>\n\t\t<\/div>\n\t\t\t\t\t\t<\/div>\n\t\t\t\t<\/div>\n\t\t\t\t<\/div>\n\t\t\t\t\t<\/div>\n\t\t\t\t<\/div>\n\t\t\t\t<\/div>\n\t\t<div class=\"elementor-element elementor-element-3b0b62e e-flex e-con-boxed e-con e-parent\" data-id=\"3b0b62e\" data-element_type=\"container\" data-e-type=\"container\" data-settings=\"{&quot;_ha_eqh_enable&quot;:false}\">\n\t\t\t\t\t<div class=\"e-con-inner\">\n\t\t<div class=\"elementor-element elementor-element-afc81bc e-con-full e-flex e-con e-child\" data-id=\"afc81bc\" data-element_type=\"container\" data-e-type=\"container\" data-settings=\"{&quot;_ha_eqh_enable&quot;:false}\">\n\t\t\t\t<div class=\"elementor-element elementor-element-306a1bb elementor-widget elementor-widget-text-editor\" data-id=\"306a1bb\" data-element_type=\"widget\" data-e-type=\"widget\" data-widget_type=\"text-editor.default\">\n\t\t\t\t<div class=\"elementor-widget-container\">\n\t\t\t\t\t\t\t\t\t<div class=\"resource-published-date mbxs\"><img decoding=\"async\" class=\"wp-image-520 alignleft\" src=\"https:\/\/www.cleaneconomyfund.ca\/wp-content\/uploads\/2022\/06\/CEF-Web-Icon.png\" alt=\"\" width=\"48\" height=\"48\" \/>Septembre 2024 <br \/>(Updated: July 2025)<\/div><div class=\"resource-authors grid lg:grid-cols-2 row-gap-n\"><div class=\"resource-author mbs\"><div class=\"resource-author-thumbnail\"><span style=\"color: #049cac;\"><b>Eric Campbell<\/b><\/span><\/div><\/div><\/div>\t\t\t\t\t\t\t\t<\/div>\n\t\t\t\t<\/div>\n\t\t\t\t<\/div>\n\t\t\t\t\t<\/div>\n\t\t\t\t<\/div>\n\t\t<div class=\"elementor-element elementor-element-802b3d4 e-flex e-con-boxed e-con e-parent\" data-id=\"802b3d4\" data-element_type=\"container\" data-e-type=\"container\" data-settings=\"{&quot;_ha_eqh_enable&quot;:false}\">\n\t\t\t\t\t<div class=\"e-con-inner\">\n\t\t\t\t<div class=\"elementor-element elementor-element-1bef755 elementor-widget elementor-widget-heading\" data-id=\"1bef755\" data-element_type=\"widget\" data-e-type=\"widget\" data-widget_type=\"heading.default\">\n\t\t\t\t<div class=\"elementor-widget-container\">\n\t\t\t\t\t<h2 class=\"elementor-heading-title elementor-size-default\">L\u2019effet domino du capital philanthropique<\/h2>\t\t\t\t<\/div>\n\t\t\t\t<\/div>\n\t\t\t\t<div class=\"elementor-element elementor-element-57644d9 elementor-widget__width-initial elementor-widget elementor-widget-text-editor\" data-id=\"57644d9\" data-element_type=\"widget\" data-e-type=\"widget\" data-widget_type=\"text-editor.default\">\n\t\t\t\t<div class=\"elementor-widget-container\">\n\t\t\t\t\t\t\t\t\t<p class=\"translation-block\">En 2009, un jeune N\u00e9erlandais de 21 ans a battu un record du monde. Il a r\u00e9ussi \u00e0 faire tomber le plus grand domino de tous les temps, 6,4 m\u00e8tres de haut et 1,2 m\u00e8tre d\u2019\u00e9paisseur. Ce qui \u00e9tait le plus extraordinaire dans cet exercice, que vous pouvez regarder sur <strong><a href=\"https:\/\/www.youtube.com\/watch?v=JcJv7l2W_h8\" target=\"_blank\" rel=\"noopener\">la t\u00e9l\u00e9vision n\u00e9erlandaise<\/a><\/strong>, n\u2019est pas le renversement du domino g\u00e9ant. Pas du tout. Ce qui est le plus extraordinaire, c\u2019est la cha\u00eene de 19 dominos, qui a commenc\u00e9 avec un humble domino de taille typique de seulement 2 pouces de long et 1 pouce d\u2019\u00e9paisseur.<\/p><p class=\"translation-block\">Voil\u00e0 la magie de l\u2019effet domino : non seulement sa capacit\u00e9 \u00e0 d\u00e9clencher une cha\u00eene de r\u00e9actions, mais aussi sa capacit\u00e9 \u00e0 d\u00e9clencher une cha\u00eene de r\u00e9sultats <em>surdimensionn\u00e9s<\/em>.<\/p><p>La philanthropie climatique peut avoir le m\u00eame effet.<\/p><p>L\u2019une des fa\u00e7ons fondamentales d\u2019observer et de mesurer cet effet est le d\u00e9blocage du capital. Comme le domino de petite taille, un capital philanthropique bien cibl\u00e9 et lanc\u00e9 au bon moment peut d\u00e9bloquer des sommes beaucoup plus importantes de capitaux publics et priv\u00e9s.\u00a0<\/p><p class=\"translation-block\">Entre-temps, le capital est <em>tr\u00e8s<\/em> important pour la transition du Canada vers une \u00e9conomie prosp\u00e8re \u00e0 \u00e9missions nettes nulles.<\/p><p class=\"translation-block\">En 2021, RBC a calcul\u00e9 que la transition du Canada vers une \u00e9conomie \u00e0 z\u00e9ro net \u00e9missions n\u00e9cessitera ultimement <strong><a href=\"https:\/\/thoughtleadership.rbc.com\/the-2-trillion-transition\/\" target=\"_blank\" rel=\"noopener\">2 billions de dollars en capital<\/a><\/strong>, soit environ 70 milliards de dollars en moyenne par ann\u00e9e.<\/p><p>La majeure partie de ces investissements doit bien s\u00fbr \u00eatre effectu\u00e9e par le secteur priv\u00e9. Pensez \u00e0 l\u2019industrie de l\u2019acier qui remplace les fourneaux \u00e9lectriques \u00e0 arc; aux entreprises qui remplacent leurs v\u00e9hicules \u00e0 gaz par des v\u00e9hicules \u00e9lectriques; et aux propri\u00e9taires qui ach\u00e8tent des fen\u00eatres \u00e9co\u00e9nerg\u00e9tiques.<\/p><p>L\u2019investissement public repr\u00e9sentera \u00e9galement une part importante du total, en fournissant des incitations qui r\u00e9duisent les risques et att\u00e9nuent les investissements priv\u00e9s.\u00a0<\/p><p>Mais en plus de ces deux sources bien connues de capitaux pour la transition nette z\u00e9ro, il y a un r\u00f4le catalytique et surdimensionn\u00e9 \u00e0 jouer par la philanthropie. Une philanthropie du climat bien cibl\u00e9e peut \u00eatre le domino le plus important au d\u00e9but de la cha\u00eene, d\u00e9clenchant une vague d\u2019investissements inarr\u00eatable qui m\u00e8nera le Canada \u00e0 la carboneutralit\u00e9.<\/p><p>Certains projets financ\u00e9s par des organismes philanthropiques d\u00e9montrent clairement cet effet.<\/p><p class=\"translation-block\">Prenons l\u2019exemple de <strong>l\u2019Alliance Acc\u00e9l\u00e9rer<\/strong>. Cette initiative \u00e0 but non lucratif dont la mission est de faire progresser une industrie et une cha\u00eene d\u2019approvisionnement comp\u00e9titive de v\u00e9hicules \u00e9lectriques au Canada a \u00e9t\u00e9 cr\u00e9\u00e9e en 2021 avec environ 1 million de dollars en capital philanthropique. Ce capital s\u2019est rapidement multipli\u00e9. Le plaidoyer influent de <em>l\u2019Alliance <\/em>a contribu\u00e9 \u00e0 d\u00e9clencher une <strong><a href=\"https:\/\/www.pbo-dpb.ca\/en\/additional-analyses--analyses-complementaires\/BLOG-2425-004--tallying-government-support-ev-investment-in-canada--bilan-aide-gouvernementale-investissement-dans-ve-canada\" target=\"_blank\" rel=\"noopener\">cha\u00eene de domino d\u2019investissements<\/a><\/strong> entre 2020 et 2024 qui a produit jusqu\u2019\u00e0 52 milliards de dollars en incitatifs gouvernementaux et 46,1 milliards de dollars en engagements de la part de soci\u00e9t\u00e9s comme Honda, Stellantis, LG, Volkswagen et Ford pour les prochaines g\u00e9n\u00e9rations de production de v\u00e9hicules et les cha\u00eenes d\u2019approvisionnement en amont. Naturellement, <em>Accel\u00e9rer<\/em> n\u2019\u00e9tait pas la seule force en jeu ici et ne peut pas s\u2019attribuer tout le m\u00e9rite de ce d\u00e9blocage d\u2019investissements massifs publics et priv\u00e9s. L\u2019allance a toutefois jou\u00e9 un r\u00f4le important, car elle a \u00e9t\u00e9 soigneusement con\u00e7ue pour combler une lacune notable dans l\u2019\u00e9cosyst\u00e8me de plaidoyer politique et atteindre exactement cet objectif.<\/p><p>Consider also the case of <strong>Low Carbon Cities Canada<\/strong> (LC3). This initiative was struck in 2018 with a view to equipping six cities across Canada with independent centres of climate programming and investment. The model for the initiative was The Atmospheric Fund (TAF), in the Greater Toronto and Hamilton Area, which had been successfully seeding transformative climate projects at the community level with the help of a public endowment since 1991. Philanthropy was critical for making the case that other cities should have the same opportunity. Modest grants, totaling $106,000, from four family foundations, quickly laid the groundwork for what soon became a <strong><a href=\"https:\/\/www.newswire.ca\/news-releases\/budget-2019-funds-new-way-to-help-fight-climate-change-in-cities-865226829.html\" target=\"_blank\" rel=\"noopener\">$183-million<\/a><\/strong> government investment to establish LC3 centres in Halifax, Montreal, Ottawa, Edmonton and Calgary, and Vancouver. And now the domino chain continues, with that government capital being strategically allocated by the individual LC3 centres to climate projects that crowd in private capital. Since 2021, $13.5 million in LC3 funding \u2013 for projects like school bus electrification and apartment building retrofits \u2013 has led to <strong><a href=\"https:\/\/lc3.ca\/impact\/\">$50 million<\/a><\/strong> in additional investment. Not bad ROI for an initial philanthropic gift of roughly $100,000.<\/p><p class=\"translation-block\">L\u2019organisation <strong>Fermiers pour la transition climatique<\/strong> a obtenu un rendement tout aussi impressionnant. Ce groupe sans but lucratif a transform\u00e9 350 000 $ en revenus annuels de subventions en une coalition d\u2019intervenants strat\u00e9giques qui a jou\u00e9 un r\u00f4le important pour obtenir le financement de <a href=\"https:\/\/agriculture.canada.ca\/en\/programs\/agricultural-climate-solutions-farm-climate-action-fund\" target=\"_blank\" rel=\"noopener\"><strong> 700 millions de dollars<\/strong><\/a> de la part du gouvernement f\u00e9d\u00e9ral du Fonds d\u2019action \u00e0 la ferme, en 2021. Ce capital gouvernemental incite les agriculteurs \u00e0 investir dans des pratiques agricoles vertes partout au Canada.<\/p><p class=\"translation-block\">Entre-temps, les travaux de recherche et d\u2019\u00e9laboration de politiques men\u00e9s par <strong>Efficacit\u00e9 \u00c9nerg\u00e9tique Canada<\/strong>, qui ont \u00e9t\u00e9 soutenus par des subventions philanthropiques depuis le lancement de l\u2019organisme en 2018, sont souvent reconnus pour avoir permis entre autres, \u00e0 plus de <strong><a href=\"https:\/\/www.pbo-dpb.ca\/en\/publications\/LEG-2324-020-S--enhancements-oil-heat-pump-affordability-program--ameliorations-apportees-programme-conversion-abordable-mazout-thermopompe\" target=\"_blank\" rel=\"noopener\">750 millions de dollars<\/a><\/strong> en programmes gouvernementaux qui aident les m\u00e9nages dans les r\u00e9gions rurales \u00e0 passer du chauffage au fioul aux pompes \u00e0 chaleur \u00e9lectriques.<\/p><p class=\"translation-block\">Un dernier exemple \u00e0 noter ici est l\u2019<strong>Acc\u00e9l\u00e9rateur de transition<\/strong>. En 2021, l\u2019organisme de bienfaisance enregistr\u00e9 a utilis\u00e9 des subventions philanthropiques pour lancer le Centre r\u00e9gional d\u2019hydrog\u00e8ne d\u2019Edmonton, une initiative ambitieuse visant \u00e0 construire un nouveau syst\u00e8me \u00e9nerg\u00e9tique \u00e0 l\u2019\u00e9chelle r\u00e9gionale bas\u00e9 sur l\u2019hydrog\u00e8ne z\u00e9ro \u00e9mission. Cette initiative a depuis men\u00e9 \u00e0 25 projets en partenariat avec le gouvernement, l\u2019industrie, les entreprises, les Premi\u00e8res nations et d\u2019autres partenaires de mise en \u0153uvre. Un autre projet phare est le projet pilote des premiers autobus \u00e9lectriques au Canada \u00e0 pile \u00e0 combustible \u00e0 hydrog\u00e8ne, qui a jusqu\u2019a pr\u00e9sent permis d\u2019obtenir <strong><a href=\"https:\/\/www.eralberta.ca\/projects\/details\/alberta-zero-emission-hydrogen-transit-azeht\/\" target=\"_blank\" rel=\"noopener\">10 millions de dollars<\/a><\/strong> en fonds gouvernementaux provinciaux, municipaux et f\u00e9d\u00e9ral et stimule divers investissements du secteur priv\u00e9.<\/p><p>L\u2019impact de la philanthropie climatique peut \u00eatre mesur\u00e9 de plusieurs fa\u00e7ons. Un facteur qui ne devrait pas passer inaper\u00e7u est son effet domino potentiellement d\u00e9mesur\u00e9 sur les capitaux publics et priv\u00e9s. Comme il faudra d\u2019\u00e9normes capitaux pour alimenter la transition nette z\u00e9ro du Canada, c\u2019est un impact auquel nous devrions accorder une attention particuli\u00e8re.<\/p>\t\t\t\t\t\t\t\t<\/div>\n\t\t\t\t<\/div>\n\t\t\t\t\t<\/div>\n\t\t\t\t<\/div>\n\t\t\t\t<\/div>","protected":false},"excerpt":{"rendered":"<p>September 2024 (Updated: July 2025)Eric Campbell The dazzling domino effect of philanthropic capital In 2009, a twenty-one-year-old from the Netherlands broke an unusual world record. He succeeded in knocking over the largest-ever domino, at 6.4 meters tall and 1.2 meters thick. What was most extraordinary about the exercise, though, which incidentally you can watch on [&hellip;]<\/p>\n","protected":false},"author":1,"featured_media":0,"parent":0,"menu_order":0,"comment_status":"closed","ping_status":"closed","template":"","meta":{"footnotes":""},"class_list":["post-4149","page","type-page","status-publish","hentry"],"jetpack_sharing_enabled":true,"_links":{"self":[{"href":"https:\/\/www.cleaneconomyfund.ca\/fr\/wp-json\/wp\/v2\/pages\/4149","targetHints":{"allow":["GET"]}}],"collection":[{"href":"https:\/\/www.cleaneconomyfund.ca\/fr\/wp-json\/wp\/v2\/pages"}],"about":[{"href":"https:\/\/www.cleaneconomyfund.ca\/fr\/wp-json\/wp\/v2\/types\/page"}],"author":[{"embeddable":true,"href":"https:\/\/www.cleaneconomyfund.ca\/fr\/wp-json\/wp\/v2\/users\/1"}],"replies":[{"embeddable":true,"href":"https:\/\/www.cleaneconomyfund.ca\/fr\/wp-json\/wp\/v2\/comments?post=4149"}],"version-history":[{"count":28,"href":"https:\/\/www.cleaneconomyfund.ca\/fr\/wp-json\/wp\/v2\/pages\/4149\/revisions"}],"predecessor-version":[{"id":4902,"href":"https:\/\/www.cleaneconomyfund.ca\/fr\/wp-json\/wp\/v2\/pages\/4149\/revisions\/4902"}],"wp:attachment":[{"href":"https:\/\/www.cleaneconomyfund.ca\/fr\/wp-json\/wp\/v2\/media?parent=4149"}],"curies":[{"name":"wp","href":"https:\/\/api.w.org\/{rel}","templated":true}]}}